{"id":190,"date":"2024-06-17T22:48:29","date_gmt":"2024-06-17T20:48:29","guid":{"rendered":"https:\/\/jekyll.ch\/?page_id=190"},"modified":"2024-06-26T21:00:58","modified_gmt":"2024-06-26T19:00:58","slug":"rendez-vous","status":"publish","type":"page","link":"https:\/\/jekyll.ch\/en\/rendez-vous\/","title":{"rendered":"Make an appointment"},"content":{"rendered":"<div data-elementor-type=\"wp-page\" data-elementor-id=\"190\" class=\"elementor elementor-190\">\n\t\t\t\t<div class=\"elementor-element elementor-element-4e03830 e-flex e-con-boxed e-con e-parent\" data-id=\"4e03830\" data-element_type=\"container\">\n\t\t\t\t\t<div class=\"e-con-inner\">\n\t\t\t\t<div class=\"elementor-element elementor-element-1a45a33 elementor-widget elementor-widget-text-editor\" data-id=\"1a45a33\" data-element_type=\"widget\" data-widget_type=\"text-editor.default\">\n\t\t\t\t<div class=\"elementor-widget-container\">\n\t\t\t<style>\/*! elementor - v3.22.0 - 17-06-2024 *\/\n.elementor-widget-text-editor.elementor-drop-cap-view-stacked .elementor-drop-cap{background-color:#69727d;color:#fff}.elementor-widget-text-editor.elementor-drop-cap-view-framed .elementor-drop-cap{color:#69727d;border:3px solid;background-color:transparent}.elementor-widget-text-editor:not(.elementor-drop-cap-view-default) .elementor-drop-cap{margin-top:8px}.elementor-widget-text-editor:not(.elementor-drop-cap-view-default) .elementor-drop-cap-letter{width:1em;height:1em}.elementor-widget-text-editor .elementor-drop-cap{float:left;text-align:center;line-height:1;font-size:50px}.elementor-widget-text-editor .elementor-drop-cap-letter{display:inline-block}<\/style>\t\t\t\t<p>You can book an appointment with Dr. Jekyll via the form below.<\/p>\n<p>Or go to his laboratory, at the Salon du Bleu Caf\u00e9, from 3 p.m. to 6:30 p.m. (except Sunday).<\/p>\n<p>\u00a0<\/p>\n<p>A 20-minute appointment is valid for 1 or 2 people.\u00a0<\/p>\n<p>If there are more of you, please contact the Laboratory reception or directly Dr. Jekyll or his assistant if you meet them in the vicinity of the Jardin anglais.<\/p>\n<p>\u00a0<\/p>\n<p>Time slots are reserved for people coming directly to the laboratory, without an appointment.<\/p>\t\t\t\t\t\t<\/div>\n\t\t\t\t<\/div>\n\t\t\t\t<div class=\"elementor-element elementor-element-7d31d1f9 elementor-widget elementor-widget-text-editor\" data-id=\"7d31d1f9\" data-element_type=\"widget\" data-widget_type=\"text-editor.default\">\n\t\t\t\t<div class=\"elementor-widget-container\">\n\t\t\t\t\t\t\t<!-- wp:shortcode -->\n<iframe src=\"https:\/\/jekyll.ch\/en\/wp-json\/ssa\/v1\/embed-inner?integration&#038;type=rendez-vous-avec-le-dr-jekyll&#038;label&#038;types=1&#038;edit&#038;view&#038;payment_provider&#038;ssa_locale=en_GB&#038;ssa_is_rtl&#038;sid=d859c65f03fa0512bc5380de751e55ec90ee2f54&#038;availability_start_date&#038;availability_end_date&#038;suggest_first_available&#038;suggest_first_available_within_minutes&#038;flow&#038;fallback_flow&#038;time_view&#038;date_view&#038;appointment_types_view&#038;version&#038;accent_color&#038;background&#038;padding&#038;font&#038;booking_url=https%3A%2F%2Fjekyll.ch%2Fen%2Frendez-vous%2F&#038;booking_post_id=190&#038;booking_title=Prise+de+rendez-vous&#038;_wpnonce=5e1a3b3c12&#038;redirect_post_id#\/\" height=\"400px\" width=\"100%\" name=\"ssa_booking\" loading=\"eager\" frameborder=\"0\" data-skip-lazy=\"1\" class=\"ssa_booking_iframe skip-lazy\" title=\"Book a time\"><\/iframe>\n<!-- \/wp:shortcode -->\t\t\t\t\t\t<\/div>\n\t\t\t\t<\/div>\n\t\t\t\t\t<\/div>\n\t\t\t\t<\/div>\n\t\t\t\t<\/div>","protected":false},"excerpt":{"rendered":"<p>Vous pouvez r\u00e9server un rendez-vous avec le Dr. Jekyll via le formulaire ci-dessous. Ou vous pr\u00e9senter \u00e0 son laboratoire, au Salon du Bleu Caf\u00e9, de 15h \u00e0 18h30 (sauf le dimanche). \u00a0 Un rendez-vous de 20 minutes est valable pour 1 ou 2 personnes.\u00a0 Si vous \u00eates plus nombreux, merci de vous adresser \u00e0 la [&hellip;]<\/p>","protected":false},"author":2,"featured_media":0,"parent":0,"menu_order":0,"comment_status":"closed","ping_status":"closed","template":"","meta":{"footnotes":""},"class_list":["post-190","page","type-page","status-publish","hentry"],"_links":{"self":[{"href":"https:\/\/jekyll.ch\/en\/wp-json\/wp\/v2\/pages\/190","targetHints":{"allow":["GET"]}}],"collection":[{"href":"https:\/\/jekyll.ch\/en\/wp-json\/wp\/v2\/pages"}],"about":[{"href":"https:\/\/jekyll.ch\/en\/wp-json\/wp\/v2\/types\/page"}],"author":[{"embeddable":true,"href":"https:\/\/jekyll.ch\/en\/wp-json\/wp\/v2\/users\/2"}],"replies":[{"embeddable":true,"href":"https:\/\/jekyll.ch\/en\/wp-json\/wp\/v2\/comments?post=190"}],"version-history":[{"count":26,"href":"https:\/\/jekyll.ch\/en\/wp-json\/wp\/v2\/pages\/190\/revisions"}],"predecessor-version":[{"id":330,"href":"https:\/\/jekyll.ch\/en\/wp-json\/wp\/v2\/pages\/190\/revisions\/330"}],"wp:attachment":[{"href":"https:\/\/jekyll.ch\/en\/wp-json\/wp\/v2\/media?parent=190"}],"curies":[{"name":"wp","href":"https:\/\/api.w.org\/{rel}","templated":true}]}}