{"id":155,"date":"2024-06-16T16:02:23","date_gmt":"2024-06-16T14:02:23","guid":{"rendered":"https:\/\/jekyll.ch\/?page_id=155"},"modified":"2024-07-17T10:55:14","modified_gmt":"2024-07-17T08:55:14","slug":"credits","status":"publish","type":"page","link":"https:\/\/jekyll.ch\/en\/credits\/","title":{"rendered":"Credits"},"content":{"rendered":"<div data-elementor-type=\"wp-page\" data-elementor-id=\"155\" class=\"elementor elementor-155\">\n\t\t\t\t<div class=\"elementor-element elementor-element-c48ffe8 e-flex e-con-boxed e-con e-parent\" data-id=\"c48ffe8\" data-element_type=\"container\">\n\t\t\t\t\t<div class=\"e-con-inner\">\n\t\t\t\t<div class=\"elementor-element elementor-element-7e9cd64 elementor-widget elementor-widget-text-editor\" data-id=\"7e9cd64\" data-element_type=\"widget\" data-widget_type=\"text-editor.default\">\n\t\t\t\t<div class=\"elementor-widget-container\">\n\t\t\t<style>\/*! elementor - v3.22.0 - 17-06-2024 *\/\n.elementor-widget-text-editor.elementor-drop-cap-view-stacked .elementor-drop-cap{background-color:#69727d;color:#fff}.elementor-widget-text-editor.elementor-drop-cap-view-framed .elementor-drop-cap{color:#69727d;border:3px solid;background-color:transparent}.elementor-widget-text-editor:not(.elementor-drop-cap-view-default) .elementor-drop-cap{margin-top:8px}.elementor-widget-text-editor:not(.elementor-drop-cap-view-default) .elementor-drop-cap-letter{width:1em;height:1em}.elementor-widget-text-editor .elementor-drop-cap{float:left;text-align:center;line-height:1;font-size:50px}.elementor-widget-text-editor .elementor-drop-cap-letter{display:inline-block}<\/style>\t\t\t\t<p>Created by<\/p><p><strong>Olivier Beguin<\/strong><\/p><p>\u00a0<\/p><p>With<\/p><p><strong>Yannick Rosset<\/strong><\/p><p><strong>Yannick Merlin<\/strong><\/p><p><strong>Ivan Buonocore<\/strong><\/p><p>\u00a0<\/p><p>Musique<\/p><p><strong>Marion Heiniger<\/strong><\/p><p>\u00a0<\/p><p>Visuals<\/p><p><strong>Olivier Beguin<\/strong><\/p><p>\u00a0<\/p><p>Artistic advices<\/p><p><strong>Marion Heiniger<\/strong><\/p><p>\u00a0<\/p><p>Artistic and logistical support<\/p><p><strong>Yan<\/strong><strong>nick Merlin<\/strong><\/p><p><strong>Yannick Rosset<\/strong><\/p><p>\u00a0<\/p><p>DIY team<\/p><p><strong>Jean-Luc B\u00e9guin<\/strong><\/p><p><strong>Marlyse B\u00e9guin<\/strong><\/p>\t\t\t\t\t\t<\/div>\n\t\t\t\t<\/div>\n\t\t\t\t<div class=\"elementor-element elementor-element-f78348c elementor-widget__width-initial elementor-widget elementor-widget-text-editor\" data-id=\"f78348c\" data-element_type=\"widget\" data-widget_type=\"text-editor.default\">\n\t\t\t\t<div class=\"elementor-widget-container\">\n\t\t\t\t\t\t\t<p>Thanks to<\/p><p><strong>Sonia Perez, Gary Petoud, Marie Klay, Pierre-Yves Walder, <\/strong><strong>Nathalie B\u00e9guin, Henri Heiniger, Paul Heiniger, Nicolas Meyer, Adan Martin, Lilo Wullschleger, Robert Bouvier, Sam Rossetti<\/strong><\/p>\t\t\t\t\t\t<\/div>\n\t\t\t\t<\/div>\n\t\t\t\t\t<\/div>\n\t\t\t\t<\/div>\n\t\t<div class=\"elementor-element elementor-element-f9db96e e-flex e-con-boxed e-con e-parent\" data-id=\"f9db96e\" data-element_type=\"container\">\n\t\t\t\t\t<div class=\"e-con-inner\">\n\t\t\t\t<div class=\"elementor-element elementor-element-52d9d88 elementor-widget elementor-widget-image\" data-id=\"52d9d88\" data-element_type=\"widget\" data-widget_type=\"image.default\">\n\t\t\t\t<div class=\"elementor-widget-container\">\n\t\t\t<style>\/*! elementor - v3.22.0 - 17-06-2024 *\/\n.elementor-widget-image{text-align:center}.elementor-widget-image a{display:inline-block}.elementor-widget-image a img[src$=\".svg\"]{width:48px}.elementor-widget-image img{vertical-align:middle;display:inline-block}<\/style>\t\t\t\t\t\t\t\t\t\t<img fetchpriority=\"high\" decoding=\"async\" width=\"2358\" height=\"257\" src=\"https:\/\/jekyll.ch\/wp-content\/uploads\/2024\/07\/Logos4.png\" class=\"attachment-full size-full wp-image-346\" alt=\"\" srcset=\"https:\/\/jekyll.ch\/wp-content\/uploads\/2024\/07\/Logos4.png 2358w, https:\/\/jekyll.ch\/wp-content\/uploads\/2024\/07\/Logos4-500x54.png 500w, https:\/\/jekyll.ch\/wp-content\/uploads\/2024\/07\/Logos4-1024x112.png 1024w, https:\/\/jekyll.ch\/wp-content\/uploads\/2024\/07\/Logos4-768x84.png 768w, https:\/\/jekyll.ch\/wp-content\/uploads\/2024\/07\/Logos4-1536x167.png 1536w, https:\/\/jekyll.ch\/wp-content\/uploads\/2024\/07\/Logos4-2048x223.png 2048w, https:\/\/jekyll.ch\/wp-content\/uploads\/2024\/07\/Logos4-18x2.png 18w\" sizes=\"(max-width: 2358px) 100vw, 2358px\" \/>\t\t\t\t\t\t\t\t\t\t\t\t\t<\/div>\n\t\t\t\t<\/div>\n\t\t\t\t\t<\/div>\n\t\t\t\t<\/div>\n\t\t\t\t<\/div>","protected":false},"excerpt":{"rendered":"<p>Cr\u00e9\u00e9 par Olivier Beguin \u00a0 Avec Yannick Rosset Yannick Merlin Ivan Buonocore \u00a0 Musique Marion Heiniger \u00a0 Visuels Olivier Beguin \u00a0 Conseils artistiques Marion Heiniger \u00a0 Soutien artistique et logistique Yannick Merlin Yannick Rosset \u00a0 Equipe bricolage Jean-Luc B\u00e9guin Marlyse B\u00e9guin Remerciements Sonia Perez, Gary Petoud, Marie Klay, Pierre-Yves Walder, Nathalie B\u00e9guin, Henri Heiniger, Paul [&hellip;]<\/p>","protected":false},"author":2,"featured_media":0,"parent":0,"menu_order":0,"comment_status":"closed","ping_status":"closed","template":"","meta":{"footnotes":""},"class_list":["post-155","page","type-page","status-publish","hentry"],"_links":{"self":[{"href":"https:\/\/jekyll.ch\/en\/wp-json\/wp\/v2\/pages\/155","targetHints":{"allow":["GET"]}}],"collection":[{"href":"https:\/\/jekyll.ch\/en\/wp-json\/wp\/v2\/pages"}],"about":[{"href":"https:\/\/jekyll.ch\/en\/wp-json\/wp\/v2\/types\/page"}],"author":[{"embeddable":true,"href":"https:\/\/jekyll.ch\/en\/wp-json\/wp\/v2\/users\/2"}],"replies":[{"embeddable":true,"href":"https:\/\/jekyll.ch\/en\/wp-json\/wp\/v2\/comments?post=155"}],"version-history":[{"count":99,"href":"https:\/\/jekyll.ch\/en\/wp-json\/wp\/v2\/pages\/155\/revisions"}],"predecessor-version":[{"id":361,"href":"https:\/\/jekyll.ch\/en\/wp-json\/wp\/v2\/pages\/155\/revisions\/361"}],"wp:attachment":[{"href":"https:\/\/jekyll.ch\/en\/wp-json\/wp\/v2\/media?parent=155"}],"curies":[{"name":"wp","href":"https:\/\/api.w.org\/{rel}","templated":true}]}}